{"id":14397,"date":"2019-12-27T06:56:54","date_gmt":"2019-12-27T06:56:54","guid":{"rendered":"https:\/\/elementor.zozothemes.com\/egovenz\/home-copy\/"},"modified":"2023-12-28T13:43:41","modified_gmt":"2023-12-28T13:43:41","slug":"home","status":"publish","type":"page","link":"https:\/\/iw.al\/dshq\/","title":{"rendered":"Home"},"content":{"rendered":"\t\t<div data-elementor-type=\"wp-page\" data-elementor-id=\"14397\" class=\"elementor elementor-14397\">\n\t\t\t\t\t\t<section class=\"elementor-section elementor-top-section elementor-element elementor-element-254732b elementor-section-boxed elementor-section-height-default elementor-section-height-default\" data-id=\"254732b\" data-element_type=\"section\">\n\t\t\t\t\t\t<div class=\"elementor-container elementor-column-gap-default\">\n\t\t\t\t\t<div class=\"elementor-column elementor-col-33 elementor-top-column elementor-element elementor-element-25a2c4a\" data-id=\"25a2c4a\" data-element_type=\"column\">\n\t\t\t<div class=\"elementor-widget-wrap elementor-element-populated\">\n\t\t\t\t\t\t<div class=\"elementor-element elementor-element-22d429e elementor-widget elementor-widget-egovenzfeaturebox\" data-id=\"22d429e\" data-element_type=\"widget\" data-widget_type=\"egovenzfeaturebox.default\">\n\t\t\t\t<div class=\"elementor-widget-container feature-box-wrapper text-left shortcode-rand-1 egovenz-inline-css\" data-css=\"&quot;.shortcode-rand-1.feature-box-wrapper .feature-box-inner &gt; *:nth-child(1), .shortcode-rand-1.feature-box-wrapper &gt; .media &gt; .media-body &gt; *:nth-child(1) { margin-bottom: 20px; }.shortcode-rand-1.feature-box-wrapper .feature-box-inner &gt; *:nth-child(2), .shortcode-rand-1.feature-box-wrapper &gt; .media &gt; .media-body &gt; *:nth-child(2) { margin-bottom: 20px; }.shortcode-rand-1.feature-box-wrapper .feature-box-inner &gt; *:nth-child(3), .shortcode-rand-1.feature-box-wrapper &gt; .media &gt; .media-body &gt; *:nth-child(3) { margin-bottom: 20px; }&quot;\">\r\n\t\t\t<div class=\"feature-box-inner\"><h4 class=\"feature-box-title\"><a href=\"#\" title=\"Sh\u00ebrbimet\" target=\"_blank\">Sh\u00ebrbimet<\/a><\/h4><div class=\"fbox-content\">\n<\/div><div class=\"feature-box-btn\"><a class=\"btn btn-light btn-light btn-bg-dark theme-hbg-color btn-link\" href=\"#\" title=\"M\u00eb shum\u00eb\">M\u00eb shum\u00eb<\/a><\/div><!-- .feature-box-btn --><\/div>\t\t<\/div>\r\n\t\t\t\t<\/div>\n\t\t\t\t\t<\/div>\n\t\t<\/div>\n\t\t\t\t<div class=\"elementor-column elementor-col-33 elementor-top-column elementor-element elementor-element-4d7b9e1\" data-id=\"4d7b9e1\" data-element_type=\"column\">\n\t\t\t<div class=\"elementor-widget-wrap elementor-element-populated\">\n\t\t\t\t\t\t<div class=\"elementor-element elementor-element-4fe0ba7 elementor-widget elementor-widget-egovenzfeaturebox\" data-id=\"4fe0ba7\" data-element_type=\"widget\" data-widget_type=\"egovenzfeaturebox.default\">\n\t\t\t\t<div class=\"elementor-widget-container feature-box-wrapper text-left shortcode-rand-2 egovenz-inline-css\" data-css=\"&quot;.shortcode-rand-2.feature-box-wrapper .feature-box-inner &gt; *:nth-child(1), .shortcode-rand-2.feature-box-wrapper &gt; .media &gt; .media-body &gt; *:nth-child(1) { margin-bottom: 20px; }.shortcode-rand-2.feature-box-wrapper .feature-box-inner &gt; *:nth-child(2), .shortcode-rand-2.feature-box-wrapper &gt; .media &gt; .media-body &gt; *:nth-child(2) { margin-bottom: 20px; }.shortcode-rand-2.feature-box-wrapper .feature-box-inner &gt; *:nth-child(3), .shortcode-rand-2.feature-box-wrapper &gt; .media &gt; .media-body &gt; *:nth-child(3) { margin-bottom: 20px; }&quot;\">\r\n\t\t\t<div class=\"feature-box-inner\"><h4 class=\"feature-box-title\"><a href=\"#\" title=\"Njoftimet\" target=\"_blank\">Njoftimet<\/a><\/h4><div class=\"feature-box-btn\"><a class=\"btn btn-light btn-light btn-bg-dark theme-hbg-color btn-link\" href=\"#\" title=\"M\u00eb shum\u00eb\">M\u00eb shum\u00eb<\/a><\/div><!-- .feature-box-btn --><\/div>\t\t<\/div>\r\n\t\t\t\t<\/div>\n\t\t\t\t\t<\/div>\n\t\t<\/div>\n\t\t\t\t<div class=\"elementor-column elementor-col-33 elementor-top-column elementor-element elementor-element-349172b\" data-id=\"349172b\" data-element_type=\"column\">\n\t\t\t<div class=\"elementor-widget-wrap elementor-element-populated\">\n\t\t\t\t\t\t<div class=\"elementor-element elementor-element-fb36d80 elementor-widget elementor-widget-egovenzfeaturebox\" data-id=\"fb36d80\" data-element_type=\"widget\" data-widget_type=\"egovenzfeaturebox.default\">\n\t\t\t\t<div class=\"elementor-widget-container feature-box-wrapper text-left shortcode-rand-3 egovenz-inline-css\" data-css=\"&quot;.shortcode-rand-3.feature-box-wrapper .feature-box-inner &gt; *:nth-child(1), .shortcode-rand-3.feature-box-wrapper &gt; .media &gt; .media-body &gt; *:nth-child(1) { margin-bottom: 20px; }.shortcode-rand-3.feature-box-wrapper .feature-box-inner &gt; *:nth-child(2), .shortcode-rand-3.feature-box-wrapper &gt; .media &gt; .media-body &gt; *:nth-child(2) { margin-bottom: 20px; }.shortcode-rand-3.feature-box-wrapper .feature-box-inner &gt; *:nth-child(3), .shortcode-rand-3.feature-box-wrapper &gt; .media &gt; .media-body &gt; *:nth-child(3) { margin-bottom: 20px; }&quot;\">\r\n\t\t\t<div class=\"feature-box-inner\"><h4 class=\"feature-box-title\"><a href=\"#\" title=\"Aktivitetet\" target=\"_blank\">Aktivitetet<\/a><\/h4><div class=\"feature-box-btn\"><a class=\"btn btn-light btn-light btn-bg-dark theme-hbg-color btn-link\" href=\"#\" title=\"M\u00eb shum\u00eb\">M\u00eb shum\u00eb<\/a><\/div><!-- .feature-box-btn --><\/div>\t\t<\/div>\r\n\t\t\t\t<\/div>\n\t\t\t\t\t<\/div>\n\t\t<\/div>\n\t\t\t\t\t<\/div>\n\t\t<\/section>\n\t\t\t\t<section class=\"elementor-section elementor-top-section elementor-element elementor-element-5023ecc elementor-section-content-middle elementor-section-boxed elementor-section-height-default elementor-section-height-default\" data-id=\"5023ecc\" data-element_type=\"section\" data-settings=\"{&quot;background_background&quot;:&quot;classic&quot;}\">\n\t\t\t\t\t\t<div class=\"elementor-container elementor-column-gap-default\">\n\t\t\t\t\t<div class=\"elementor-column elementor-col-33 elementor-top-column elementor-element elementor-element-b57a8db pr-lg-3\" data-id=\"b57a8db\" data-element_type=\"column\">\n\t\t\t<div class=\"elementor-widget-wrap elementor-element-populated\">\n\t\t\t\t\t\t<div class=\"elementor-element elementor-element-05a2bd7 elementor-widget__width-initial elementor-widget elementor-widget-egovenzsectiontitle\" data-id=\"05a2bd7\" data-element_type=\"widget\" data-widget_type=\"egovenzsectiontitle.default\">\n\t\t\t\t<div class=\"elementor-widget-container\">\n\t\t\t\t\t<div class=\"section-title-wrapper margin-bottom-0\"><div class=\"title-wrap\"><h2 class=\"section-title\">Mir\u00ebsevini tek Drejtoria e Sh\u00ebrbimeve Qeveritare<\/h2><\/div><!-- .title-wrap --><div class=\"section-description\"><\/div><!-- .section-description --><\/div><!-- .section-title-wrapper -->\t\t\t\t<\/div>\n\t\t\t\t<\/div>\n\t\t\t\t\t<\/div>\n\t\t<\/div>\n\t\t\t\t<div class=\"elementor-column elementor-col-33 elementor-top-column elementor-element elementor-element-1330c0a\" data-id=\"1330c0a\" data-element_type=\"column\">\n\t\t\t<div class=\"elementor-widget-wrap\">\n\t\t\t\t\t\t\t<\/div>\n\t\t<\/div>\n\t\t\t\t<div class=\"elementor-column elementor-col-33 elementor-top-column elementor-element elementor-element-811a52c\" data-id=\"811a52c\" data-element_type=\"column\" data-settings=\"{&quot;background_background&quot;:&quot;classic&quot;}\">\n\t\t\t<div class=\"elementor-widget-wrap elementor-element-populated\">\n\t\t\t\t\t\t<div class=\"elementor-element elementor-element-323e000 elementor-widget elementor-widget-image\" data-id=\"323e000\" data-element_type=\"widget\" data-widget_type=\"image.default\">\n\t\t\t\t<div class=\"elementor-widget-container\">\n\t\t\t\t\t\t\t\t\t\t\t\t\t\t\t<img decoding=\"async\" src=\"https:\/\/iw.al\/dshq\/wp-content\/uploads\/2023\/12\/thumbnail_l_458a23005ef65d30a6ec9e5dd32463c9.jpg\" title=\"thumbnail_l_458a23005ef65d30a6ec9e5dd32463c9\" alt=\"thumbnail_l_458a23005ef65d30a6ec9e5dd32463c9\" loading=\"lazy\" \/>\t\t\t\t\t\t\t\t\t\t\t\t\t\t\t<\/div>\n\t\t\t\t<\/div>\n\t\t\t\t\t<\/div>\n\t\t<\/div>\n\t\t\t\t\t<\/div>\n\t\t<\/section>\n\t\t\t\t<\/div>\n\t\t","protected":false},"excerpt":{"rendered":"<p>Sh\u00ebrbimet M\u00eb shum\u00eb Njoftimet M\u00eb shum\u00eb Aktivitetet M\u00eb shum\u00eb Mir\u00ebsevini tek Drejtoria e Sh\u00ebrbimeve Qeveritare<\/p>\n","protected":false},"author":1,"featured_media":0,"parent":0,"menu_order":0,"comment_status":"closed","ping_status":"closed","template":"","meta":{"footnotes":""},"class_list":["post-14397","page","type-page","status-publish","hentry"],"_links":{"self":[{"href":"https:\/\/iw.al\/dshq\/wp-json\/wp\/v2\/pages\/14397","targetHints":{"allow":["GET"]}}],"collection":[{"href":"https:\/\/iw.al\/dshq\/wp-json\/wp\/v2\/pages"}],"about":[{"href":"https:\/\/iw.al\/dshq\/wp-json\/wp\/v2\/types\/page"}],"author":[{"embeddable":true,"href":"https:\/\/iw.al\/dshq\/wp-json\/wp\/v2\/users\/1"}],"replies":[{"embeddable":true,"href":"https:\/\/iw.al\/dshq\/wp-json\/wp\/v2\/comments?post=14397"}],"version-history":[{"count":37,"href":"https:\/\/iw.al\/dshq\/wp-json\/wp\/v2\/pages\/14397\/revisions"}],"predecessor-version":[{"id":17793,"href":"https:\/\/iw.al\/dshq\/wp-json\/wp\/v2\/pages\/14397\/revisions\/17793"}],"wp:attachment":[{"href":"https:\/\/iw.al\/dshq\/wp-json\/wp\/v2\/media?parent=14397"}],"curies":[{"name":"wp","href":"https:\/\/api.w.org\/{rel}","templated":true}]}}