{"id":14677,"date":"2020-01-09T11:02:40","date_gmt":"2020-01-09T11:02:40","guid":{"rendered":"https:\/\/elementor.zozothemes.com\/egovenz\/home-copy\/"},"modified":"2023-12-04T14:00:24","modified_gmt":"2023-12-04T14:00:24","slug":"rreth-nesh","status":"publish","type":"page","link":"https:\/\/iw.al\/dshq\/rreth-nesh\/","title":{"rendered":"Rreth Nesh"},"content":{"rendered":"\t\t<div data-elementor-type=\"wp-page\" data-elementor-id=\"14677\" class=\"elementor elementor-14677\">\n\t\t\t\t\t\t<section class=\"elementor-section elementor-top-section elementor-element elementor-element-5023ecc elementor-section-content-middle elementor-section-boxed elementor-section-height-default elementor-section-height-default\" data-id=\"5023ecc\" data-element_type=\"section\" data-settings=\"{&quot;background_background&quot;:&quot;classic&quot;}\">\n\t\t\t\t\t\t<div class=\"elementor-container elementor-column-gap-default\">\n\t\t\t\t\t<div class=\"elementor-column elementor-col-50 elementor-top-column elementor-element elementor-element-b57a8db pr-lg-5\" data-id=\"b57a8db\" data-element_type=\"column\">\n\t\t\t<div class=\"elementor-widget-wrap elementor-element-populated\">\n\t\t\t\t\t\t<div class=\"elementor-element elementor-element-05a2bd7 elementor-widget elementor-widget-egovenzsectiontitle\" data-id=\"05a2bd7\" data-element_type=\"widget\" data-widget_type=\"egovenzsectiontitle.default\">\n\t\t\t\t<div class=\"elementor-widget-container\">\n\t\t\t\t\t<div class=\"section-title-wrapper margin-bottom-0\"><div class=\"title-wrap\"><h1 class=\"section-title\">Rreth DSHQ<\/h1><\/div><!-- .title-wrap --><div class=\"section-description\"><\/div><!-- .section-description --><\/div><!-- .section-title-wrapper -->\t\t\t\t<\/div>\n\t\t\t\t<\/div>\n\t\t\t\t<div class=\"elementor-element elementor-element-693488c elementor-widget elementor-widget-html\" data-id=\"693488c\" data-element_type=\"widget\" data-widget_type=\"html.default\">\n\t\t\t\t<div class=\"elementor-widget-container\">\n\t\t\t\t\t<ul>\r\n  \t<li class=\"margin-bottom-10\">Drejtoria e Sh\u00ebrbimeve Qeveritare \u00ebsht\u00eb person juridik n\u00eb var\u00ebsi t\u00eb Kryeministrit, e cila vepron n\u00eb baz\u00eb t\u00eb Kushtetut\u00ebs, t\u00eb Legjislacionit Shqiptar n\u00eb fuqi, n\u00eb ve\u00e7anti Ligjit Nr. 7582 dat\u00eb 13.07.1992 \u201cP\u00ebr Nd\u00ebrmarrjet Shtet\u00ebrore\u201d, i ndryshuar, si dhe Vendimi t\u00eb K\u00ebshillit t\u00eb Ministrave nr. 34, dat\u00eb 07.01.1999, \u201cP\u00ebr Drejtorin\u00eb e Sh\u00ebrbimeve Qeveritare dhe trajtimin e Personaliteteve t\u00eb Larta Shtet\u00ebrore\u201d, i ndryshuar.<\/li>\r\n  \t<li class=\"margin-bottom-10\">Nd\u00ebr detyrat kryesore q\u00eb institucioni duhet t\u00eb p\u00ebrmbush\u00eb jan\u00eb, dh\u00ebnia e sh\u00ebrbimeve qeveritare t\u00eb pritjes s\u00eb delegacioneve t\u00eb huaja, t\u00eb personaliteteve t\u00eb larta, t\u00eb miqve e dashamir\u00ebsve t\u00eb vendit ton\u00eb etj., dhe plot\u00ebsimi i kushteve t\u00eb nevojshme p\u00ebr organizimin dhe zhvillimin e veprimtaris\u00eb shtet\u00ebrore, si t\u00eb mbledhjeve, konferencave, seminareve, veprimtarive nd\u00ebrkomb\u00ebtare etj.<\/li>\r\n<\/ul>\t\t\t\t<\/div>\n\t\t\t\t<\/div>\n\t\t\t\t\t<\/div>\n\t\t<\/div>\n\t\t\t\t<div class=\"elementor-column elementor-col-50 elementor-top-column elementor-element elementor-element-811a52c\" data-id=\"811a52c\" data-element_type=\"column\" data-settings=\"{&quot;background_background&quot;:&quot;classic&quot;}\">\n\t\t\t<div class=\"elementor-widget-wrap elementor-element-populated\">\n\t\t\t\t\t\t<div class=\"elementor-element elementor-element-323e000 elementor-widget elementor-widget-image\" data-id=\"323e000\" data-element_type=\"widget\" data-widget_type=\"image.default\">\n\t\t\t\t<div class=\"elementor-widget-container\">\n\t\t\t\t\t\t\t\t\t\t\t\t\t\t\t<img fetchpriority=\"high\" decoding=\"async\" width=\"586\" height=\"304\" src=\"https:\/\/iw.al\/dshq\/wp-content\/uploads\/2023\/12\/Logo-DSHQ_sfond-i-zi-1.png\" class=\"attachment-full size-full wp-image-17350\" alt=\"\" \/>\t\t\t\t\t\t\t\t\t\t\t\t\t\t\t<\/div>\n\t\t\t\t<\/div>\n\t\t\t\t\t<\/div>\n\t\t<\/div>\n\t\t\t\t\t<\/div>\n\t\t<\/section>\n\t\t\t\t<\/div>\n\t\t","protected":false},"excerpt":{"rendered":"<p>Rreth DSHQ Drejtoria e Sh\u00ebrbimeve Qeveritare \u00ebsht\u00eb person juridik n\u00eb var\u00ebsi t\u00eb Kryeministrit, e cila vepron n\u00eb baz\u00eb t\u00eb Kushtetut\u00ebs, t\u00eb Legjislacionit Shqiptar n\u00eb fuqi, n\u00eb ve\u00e7anti Ligjit Nr. 7582 dat\u00eb 13.07.1992 \u201cP\u00ebr Nd\u00ebrmarrjet Shtet\u00ebrore\u201d, i ndryshuar, si dhe Vendimi t\u00eb K\u00ebshillit t\u00eb Ministrave nr. 34, dat\u00eb 07.01.1999, \u201cP\u00ebr Drejtorin\u00eb e Sh\u00ebrbimeve Qeveritare dhe trajtimin<\/p>\n","protected":false},"author":1,"featured_media":0,"parent":0,"menu_order":0,"comment_status":"closed","ping_status":"closed","template":"","meta":{"footnotes":""},"class_list":["post-14677","page","type-page","status-publish","hentry"],"_links":{"self":[{"href":"https:\/\/iw.al\/dshq\/wp-json\/wp\/v2\/pages\/14677","targetHints":{"allow":["GET"]}}],"collection":[{"href":"https:\/\/iw.al\/dshq\/wp-json\/wp\/v2\/pages"}],"about":[{"href":"https:\/\/iw.al\/dshq\/wp-json\/wp\/v2\/types\/page"}],"author":[{"embeddable":true,"href":"https:\/\/iw.al\/dshq\/wp-json\/wp\/v2\/users\/1"}],"replies":[{"embeddable":true,"href":"https:\/\/iw.al\/dshq\/wp-json\/wp\/v2\/comments?post=14677"}],"version-history":[{"count":17,"href":"https:\/\/iw.al\/dshq\/wp-json\/wp\/v2\/pages\/14677\/revisions"}],"predecessor-version":[{"id":17367,"href":"https:\/\/iw.al\/dshq\/wp-json\/wp\/v2\/pages\/14677\/revisions\/17367"}],"wp:attachment":[{"href":"https:\/\/iw.al\/dshq\/wp-json\/wp\/v2\/media?parent=14677"}],"curies":[{"name":"wp","href":"https:\/\/api.w.org\/{rel}","templated":true}]}}