{"id":17655,"date":"2023-12-20T14:53:24","date_gmt":"2023-12-20T14:53:24","guid":{"rendered":"https:\/\/iw.al\/dshq\/?page_id=17655"},"modified":"2023-12-20T14:53:25","modified_gmt":"2023-12-20T14:53:25","slug":"koordinatori-per-te-drejten-e-informimit","status":"publish","type":"page","link":"https:\/\/iw.al\/dshq\/koordinatori-per-te-drejten-e-informimit\/","title":{"rendered":"Koordinatori p\u00ebr t\u00eb Drejt\u00ebn e Informimit"},"content":{"rendered":"","protected":false},"excerpt":{"rendered":"","protected":false},"author":1,"featured_media":0,"parent":0,"menu_order":0,"comment_status":"closed","ping_status":"closed","template":"","meta":{"footnotes":""},"class_list":["post-17655","page","type-page","status-publish","hentry"],"_links":{"self":[{"href":"https:\/\/iw.al\/dshq\/wp-json\/wp\/v2\/pages\/17655","targetHints":{"allow":["GET"]}}],"collection":[{"href":"https:\/\/iw.al\/dshq\/wp-json\/wp\/v2\/pages"}],"about":[{"href":"https:\/\/iw.al\/dshq\/wp-json\/wp\/v2\/types\/page"}],"author":[{"embeddable":true,"href":"https:\/\/iw.al\/dshq\/wp-json\/wp\/v2\/users\/1"}],"replies":[{"embeddable":true,"href":"https:\/\/iw.al\/dshq\/wp-json\/wp\/v2\/comments?post=17655"}],"version-history":[{"count":1,"href":"https:\/\/iw.al\/dshq\/wp-json\/wp\/v2\/pages\/17655\/revisions"}],"predecessor-version":[{"id":17657,"href":"https:\/\/iw.al\/dshq\/wp-json\/wp\/v2\/pages\/17655\/revisions\/17657"}],"wp:attachment":[{"href":"https:\/\/iw.al\/dshq\/wp-json\/wp\/v2\/media?parent=17655"}],"curies":[{"name":"wp","href":"https:\/\/api.w.org\/{rel}","templated":true}]}}